{"id":12,"date":"2023-11-05T08:36:28","date_gmt":"2023-11-05T11:36:28","guid":{"rendered":"https:\/\/omapa.naralauers.com\/?page_id=12"},"modified":"2025-10-07T10:06:19","modified_gmt":"2025-10-07T13:06:19","slug":"home","status":"publish","type":"page","link":"https:\/\/omapa.naralauers.com\/","title":{"rendered":"Home"},"content":{"rendered":"\t\t<div data-elementor-type=\"wp-page\" data-elementor-id=\"12\" class=\"elementor elementor-12\">\n\t\t\t\t\t\t\t<div class=\"elementor-element elementor-element-ad24bd1 e-con-full e-flex e-con e-parent\" data-id=\"ad24bd1\" data-element_type=\"container\" data-settings=\"{&quot;content_width&quot;:&quot;full&quot;}\" data-core-v316-plus=\"true\">\n\t\t\t\t<div class=\"elementor-element elementor-element-5d7cfa9 elementor-widget__width-initial elementor-widget-mobile__width-inherit elementor-widget elementor-widget-heading\" data-id=\"5d7cfa9\" data-element_type=\"widget\" data-widget_type=\"heading.default\">\n\t\t\t\t<div class=\"elementor-widget-container\">\n\t\t\t<style>\/*! elementor - v3.17.0 - 01-11-2023 *\/\n.elementor-heading-title{padding:0;margin:0;line-height:1}.elementor-widget-heading .elementor-heading-title[class*=elementor-size-]>a{color:inherit;font-size:inherit;line-height:inherit}.elementor-widget-heading .elementor-heading-title.elementor-size-small{font-size:15px}.elementor-widget-heading .elementor-heading-title.elementor-size-medium{font-size:19px}.elementor-widget-heading .elementor-heading-title.elementor-size-large{font-size:29px}.elementor-widget-heading .elementor-heading-title.elementor-size-xl{font-size:39px}.elementor-widget-heading .elementor-heading-title.elementor-size-xxl{font-size:59px}<\/style><h2 class=\"elementor-heading-title elementor-size-default\">O Mapa da <b>Rotina Inteligente<\/b><\/h2>\t\t<\/div>\n\t\t\t\t<\/div>\n\t\t\t\t<div class=\"elementor-element elementor-element-70356e0 elementor-widget__width-initial elementor-widget-mobile__width-inherit elementor-widget elementor-widget-text-editor\" data-id=\"70356e0\" data-element_type=\"widget\" data-widget_type=\"text-editor.default\">\n\t\t\t\t<div class=\"elementor-widget-container\">\n\t\t\t<style>\/*! elementor - v3.17.0 - 01-11-2023 *\/\n.elementor-widget-text-editor.elementor-drop-cap-view-stacked .elementor-drop-cap{background-color:#69727d;color:#fff}.elementor-widget-text-editor.elementor-drop-cap-view-framed .elementor-drop-cap{color:#69727d;border:3px solid;background-color:transparent}.elementor-widget-text-editor:not(.elementor-drop-cap-view-default) .elementor-drop-cap{margin-top:8px}.elementor-widget-text-editor:not(.elementor-drop-cap-view-default) .elementor-drop-cap-letter{width:1em;height:1em}.elementor-widget-text-editor .elementor-drop-cap{float:left;text-align:center;line-height:1;font-size:50px}.elementor-widget-text-editor .elementor-drop-cap-letter{display:inline-block}<\/style>\t\t\t\t<p>O guia completo que vai te orientar a <strong>ajustar a rotina do seu filho de 0 a 5 anos de idade<\/strong>, e desfrutar de uma rotina leve e noites de sono tranquilas!<\/p>\t\t\t\t\t\t<\/div>\n\t\t\t\t<\/div>\n\t\t\t\t<div class=\"elementor-element elementor-element-4bac503 elementor-align-left elementor-widget elementor-widget-button\" data-id=\"4bac503\" data-element_type=\"widget\" data-widget_type=\"button.default\">\n\t\t\t\t<div class=\"elementor-widget-container\">\n\t\t\t\t\t<div class=\"elementor-button-wrapper\">\n\t\t\t<a class=\"elementor-button elementor-button-link elementor-size-sm elementor-animation-grow\" href=\"#oferta\">\n\t\t\t\t\t\t<span class=\"elementor-button-content-wrapper\">\n\t\t\t\t\t\t<span class=\"elementor-button-text\">Quero garantir o meu mapa<\/span>\n\t\t<\/span>\n\t\t\t\t\t<\/a>\n\t\t<\/div>\n\t\t\t\t<\/div>\n\t\t\t\t<\/div>\n\t\t\t\t<\/div>\n\t\t<div class=\"elementor-element elementor-element-955a342 e-flex e-con-boxed e-con e-parent\" data-id=\"955a342\" data-element_type=\"container\" data-settings=\"{&quot;background_background&quot;:&quot;classic&quot;,&quot;content_width&quot;:&quot;boxed&quot;}\" data-core-v316-plus=\"true\">\n\t\t\t\t\t<div class=\"e-con-inner\">\n\t\t\t\t<div class=\"elementor-element elementor-element-ef07f19 elementor-widget__width-initial elementor-widget-mobile__width-inherit elementor-widget elementor-widget-heading\" data-id=\"ef07f19\" data-element_type=\"widget\" data-widget_type=\"heading.default\">\n\t\t\t\t<div class=\"elementor-widget-container\">\n\t\t\t<h2 class=\"elementor-heading-title elementor-size-default\">Para quem \u00e9 o <b>Mapa da Rotina Inteligente?<\/b><\/h2>\t\t<\/div>\n\t\t\t\t<\/div>\n\t\t\t\t<div class=\"elementor-element elementor-element-d62c155 elementor-widget__width-initial elementor-widget-mobile__width-inherit elementor-widget elementor-widget-text-editor\" data-id=\"d62c155\" data-element_type=\"widget\" data-widget_type=\"text-editor.default\">\n\t\t\t\t<div class=\"elementor-widget-container\">\n\t\t\t\t\t\t\t<p>\u2192 M\u00e3es que sofrem com<strong> sonecas curtas;<\/strong><\/p><p>\u00a0<\/p><p>\u2192 M\u00e3es que sofrem com <strong>m\u00faltiplos despertares<\/strong> noturnos;<\/p><p>\u00a0<\/p><p>\u2192 M\u00e3es que n\u00e3o sabem como<strong> fixar hor\u00e1rios<\/strong> na rotina;<\/p><p>\u00a0<\/p><p>\u2192 M\u00e3es que n\u00e3o sabem <strong>ajustar uma rotina<\/strong> para o beb\u00ea;<\/p><p>\u00a0<\/p><p>\u2192 M\u00e3es que n\u00e3o sabem como fazer uma <strong>transi\u00e7\u00e3o de sonecas;<\/strong><\/p><p>\u00a0<\/p><p>\u2192 M\u00e3es que n\u00e3o sabem como interpretar os<strong> sinais de sono do beb\u00ea;<\/strong><\/p><p>\u00a0<\/p><p>\u2192 Gr\u00e1vidas que desejam se <strong>preparar para proporcionar qualidade de sono<\/strong> para a fam\u00edlia e o beb\u00ea;<\/p>\t\t\t\t\t\t<\/div>\n\t\t\t\t<\/div>\n\t\t\t\t<div class=\"elementor-element elementor-element-a2953f3 elementor-align-left elementor-widget elementor-widget-button\" data-id=\"a2953f3\" data-element_type=\"widget\" data-widget_type=\"button.default\">\n\t\t\t\t<div class=\"elementor-widget-container\">\n\t\t\t\t\t<div class=\"elementor-button-wrapper\">\n\t\t\t<a class=\"elementor-button elementor-button-link elementor-size-md elementor-animation-buzz-out\" href=\"#oferta\">\n\t\t\t\t\t\t<span class=\"elementor-button-content-wrapper\">\n\t\t\t\t\t\t<span class=\"elementor-button-text\">O MAPA \u00c9 PARA MIM!<\/span>\n\t\t<\/span>\n\t\t\t\t\t<\/a>\n\t\t<\/div>\n\t\t\t\t<\/div>\n\t\t\t\t<\/div>\n\t\t\t\t\t<\/div>\n\t\t\t\t<\/div>\n\t\t<div class=\"elementor-element elementor-element-2800dd2 e-flex e-con-boxed e-con e-parent\" data-id=\"2800dd2\" data-element_type=\"container\" data-settings=\"{&quot;content_width&quot;:&quot;boxed&quot;}\" data-core-v316-plus=\"true\">\n\t\t\t\t\t<div class=\"e-con-inner\">\n\t\t\t\t<div class=\"elementor-element elementor-element-ac59b8a elementor-widget elementor-widget-heading\" data-id=\"ac59b8a\" data-element_type=\"widget\" data-widget_type=\"heading.default\">\n\t\t\t\t<div class=\"elementor-widget-container\">\n\t\t\t<h2 class=\"elementor-heading-title elementor-size-default\">Eu sei o que voc\u00ea est\u00e1 passando!<\/h2>\t\t<\/div>\n\t\t\t\t<\/div>\n\t\t\t\t\t<\/div>\n\t\t\t\t<\/div>\n\t\t<div class=\"elementor-element elementor-element-d92e9e6 e-flex e-con-boxed e-con e-parent\" data-id=\"d92e9e6\" data-element_type=\"container\" data-settings=\"{&quot;content_width&quot;:&quot;boxed&quot;}\" data-core-v316-plus=\"true\">\n\t\t\t\t\t<div class=\"e-con-inner\">\n\t\t\t\t<div class=\"elementor-element elementor-element-7b363fe elementor-view-default elementor-widget elementor-widget-icon\" data-id=\"7b363fe\" data-element_type=\"widget\" data-widget_type=\"icon.default\">\n\t\t\t\t<div class=\"elementor-widget-container\">\n\t\t\t\t\t<div class=\"elementor-icon-wrapper\">\n\t\t\t<div class=\"elementor-icon\">\n\t\t\t<i aria-hidden=\"true\" class=\"fas fa-moon\"><\/i>\t\t\t<\/div>\n\t\t<\/div>\n\t\t\t\t<\/div>\n\t\t\t\t<\/div>\n\t\t\t\t<div class=\"elementor-element elementor-element-31dc7aa elementor-widget__width-initial elementor-widget-mobile__width-inherit elementor-widget elementor-widget-text-editor\" data-id=\"31dc7aa\" data-element_type=\"widget\" data-widget_type=\"text-editor.default\">\n\t\t\t\t<div class=\"elementor-widget-container\">\n\t\t\t\t\t\t\t<p>Tem passado as <strong>NOITES EM CLARO<\/strong> ninando ou amamentando o seu beb\u00ea para dormir a cada despertar<\/p>\t\t\t\t\t\t<\/div>\n\t\t\t\t<\/div>\n\t\t\t\t<div class=\"elementor-element elementor-element-b4e6ab7 elementor-view-default elementor-widget elementor-widget-icon\" data-id=\"b4e6ab7\" data-element_type=\"widget\" data-widget_type=\"icon.default\">\n\t\t\t\t<div class=\"elementor-widget-container\">\n\t\t\t\t\t<div class=\"elementor-icon-wrapper\">\n\t\t\t<div class=\"elementor-icon\">\n\t\t\t<i aria-hidden=\"true\" class=\"fas fa-times\"><\/i>\t\t\t<\/div>\n\t\t<\/div>\n\t\t\t\t<\/div>\n\t\t\t\t<\/div>\n\t\t\t\t<div class=\"elementor-element elementor-element-2456f1c elementor-widget__width-initial elementor-widget elementor-widget-text-editor\" data-id=\"2456f1c\" data-element_type=\"widget\" data-widget_type=\"text-editor.default\">\n\t\t\t\t<div class=\"elementor-widget-container\">\n\t\t\t\t\t\t\t<p>Passa o dia sem cumprir uma tarefa por completo porque o beb\u00ea <strong>acorda em 20 minutos<\/strong> da soneca<\/p>\t\t\t\t\t\t<\/div>\n\t\t\t\t<\/div>\n\t\t\t\t<div class=\"elementor-element elementor-element-bed3c30 elementor-view-default elementor-widget elementor-widget-icon\" data-id=\"bed3c30\" data-element_type=\"widget\" data-widget_type=\"icon.default\">\n\t\t\t\t<div class=\"elementor-widget-container\">\n\t\t\t\t\t<div class=\"elementor-icon-wrapper\">\n\t\t\t<div class=\"elementor-icon\">\n\t\t\t<i aria-hidden=\"true\" class=\"fas fa-calendar-times\"><\/i>\t\t\t<\/div>\n\t\t<\/div>\n\t\t\t\t<\/div>\n\t\t\t\t<\/div>\n\t\t\t\t<div class=\"elementor-element elementor-element-8efc59c elementor-widget__width-initial elementor-widget elementor-widget-text-editor\" data-id=\"8efc59c\" data-element_type=\"widget\" data-widget_type=\"text-editor.default\">\n\t\t\t\t<div class=\"elementor-widget-container\">\n\t\t\t\t\t\t\t<p>N\u00e3o consegue se programar para nenhum compromisso ou simples tarefa<strong> porque n\u00e3o tem rotina<\/strong><\/p>\t\t\t\t\t\t<\/div>\n\t\t\t\t<\/div>\n\t\t\t\t\t<\/div>\n\t\t\t\t<\/div>\n\t\t<div class=\"elementor-element elementor-element-a52009e e-flex e-con-boxed e-con e-parent\" data-id=\"a52009e\" data-element_type=\"container\" data-settings=\"{&quot;background_background&quot;:&quot;classic&quot;,&quot;content_width&quot;:&quot;boxed&quot;}\" data-core-v316-plus=\"true\">\n\t\t\t\t\t<div class=\"e-con-inner\">\n\t\t\t\t<div class=\"elementor-element elementor-element-d7447a3 elementor-widget__width-initial elementor-widget elementor-widget-text-editor\" data-id=\"d7447a3\" data-element_type=\"widget\" data-widget_type=\"text-editor.default\">\n\t\t\t\t<div class=\"elementor-widget-container\">\n\t\t\t\t\t\t\t\t\t\t\t\t\t<\/div>\n\t\t\t\t<\/div>\n\t\t\t\t<div class=\"elementor-element elementor-element-f02592c elementor-widget elementor-widget-heading\" data-id=\"f02592c\" data-element_type=\"widget\" data-widget_type=\"heading.default\">\n\t\t\t\t<div class=\"elementor-widget-container\">\n\t\t\t<h2 class=\"elementor-heading-title elementor-size-default\">Veja o que voc\u00ea vai receber ao adquirir o e-book:<\/h2>\t\t<\/div>\n\t\t\t\t<\/div>\n\t\t\t\t<div class=\"elementor-element elementor-element-e1631ae elementor-widget__width-initial elementor-widget-mobile__width-inherit elementor-widget elementor-widget-text-editor\" data-id=\"e1631ae\" data-element_type=\"widget\" data-widget_type=\"text-editor.default\">\n\t\t\t\t<div class=\"elementor-widget-container\">\n\t\t\t\t\t\t\t<ul><li><span style=\"font-size: 1rem;\">\u00a0<\/span>Um <strong>guia pr\u00e1tico para imprimir,<\/strong> monitorar e descobrir o cronotipo do seu beb\u00ea e os hor\u00e1rios mais favor\u00e1veis para ele;<\/li><\/ul><div>\u00a0<\/div><div>\u00a0<\/div><ul><li><strong> Exemplos de rotina<\/strong> de 0 a 5 anos;<\/li><\/ul><div>\u00a0<\/div><ul><li>Passo a passo para ajustar e montar uma <strong>rotina eficiente e personalizada<\/strong> de acordo com a necessidade do seu beb\u00ea e da sua fam\u00edlia;<\/li><\/ul><div>\u00a0<\/div><ul><li>Guia completo sobre <strong>transi\u00e7\u00f5es de sonecas<\/strong> e quando faz\u00ea-las;<\/li><\/ul><div>\u00a0<\/div><div>\u00a0<\/div><ul><li>Tudo que voc\u00ea precisa saber sobre<strong> adiantar o sono noturno;<\/strong><\/li><\/ul><p><strong>\u00a0<\/strong><\/p><ul><li>Guia sobre como estruturar uma rotina para o <strong>beb\u00ea prematuro;<\/strong><\/li><\/ul>\t\t\t\t\t\t<\/div>\n\t\t\t\t<\/div>\n\t\t\t\t\t<\/div>\n\t\t\t\t<\/div>\n\t\t<div class=\"elementor-element elementor-element-0584c99 e-flex e-con-boxed e-con e-parent\" data-id=\"0584c99\" data-element_type=\"container\" id=\"oferta\" data-settings=\"{&quot;background_background&quot;:&quot;classic&quot;,&quot;content_width&quot;:&quot;boxed&quot;}\" data-core-v316-plus=\"true\">\n\t\t\t\t\t<div class=\"e-con-inner\">\n\t\t<div class=\"elementor-element elementor-element-7b497c8 e-flex e-con-boxed e-con e-child\" data-id=\"7b497c8\" data-element_type=\"container\" data-settings=\"{&quot;content_width&quot;:&quot;boxed&quot;}\">\n\t\t\t\t\t<div class=\"e-con-inner\">\n\t\t<div class=\"elementor-element elementor-element-575bf78 e-flex e-con-boxed e-con e-child\" data-id=\"575bf78\" data-element_type=\"container\" data-settings=\"{&quot;background_background&quot;:&quot;gradient&quot;,&quot;content_width&quot;:&quot;boxed&quot;}\">\n\t\t\t\t\t<div class=\"e-con-inner\">\n\t\t\t\t<div class=\"elementor-element elementor-element-bb45a7b elementor-widget__width-initial elementor-widget elementor-widget-image\" data-id=\"bb45a7b\" data-element_type=\"widget\" data-widget_type=\"image.default\">\n\t\t\t\t<div class=\"elementor-widget-container\">\n\t\t\t<style>\/*! elementor - v3.17.0 - 01-11-2023 *\/\n.elementor-widget-image{text-align:center}.elementor-widget-image a{display:inline-block}.elementor-widget-image a img[src$=\".svg\"]{width:48px}.elementor-widget-image img{vertical-align:middle;display:inline-block}<\/style>\t\t\t\t\t\t\t\t\t\t\t\t<img fetchpriority=\"high\" decoding=\"async\" width=\"4500\" height=\"3000\" src=\"https:\/\/omapa.naralauers.com\/wp-content\/uploads\/2023\/11\/Scene-10-1.png\" class=\"attachment-full size-full wp-image-154\" alt=\"\" srcset=\"https:\/\/omapa.naralauers.com\/wp-content\/uploads\/2023\/11\/Scene-10-1.png 4500w, https:\/\/omapa.naralauers.com\/wp-content\/uploads\/2023\/11\/Scene-10-1-300x200.png 300w, https:\/\/omapa.naralauers.com\/wp-content\/uploads\/2023\/11\/Scene-10-1-1024x683.png 1024w, https:\/\/omapa.naralauers.com\/wp-content\/uploads\/2023\/11\/Scene-10-1-768x512.png 768w, https:\/\/omapa.naralauers.com\/wp-content\/uploads\/2023\/11\/Scene-10-1-1536x1024.png 1536w, https:\/\/omapa.naralauers.com\/wp-content\/uploads\/2023\/11\/Scene-10-1-2048x1365.png 2048w\" sizes=\"(max-width: 4500px) 100vw, 4500px\" \/>\t\t\t\t\t\t\t\t\t\t\t\t\t\t\t<\/div>\n\t\t\t\t<\/div>\n\t\t\t\t<div class=\"elementor-element elementor-element-1cfd645 elementor-widget elementor-widget-heading\" data-id=\"1cfd645\" data-element_type=\"widget\" data-widget_type=\"heading.default\">\n\t\t\t\t<div class=\"elementor-widget-container\">\n\t\t\t<h2 class=\"elementor-heading-title elementor-size-default\">\u00c9 a sua chance de recuperar as suas noites de sono e ajustar a rotina do\nseu filho de uma vez por todas!<\/h2>\t\t<\/div>\n\t\t\t\t<\/div>\n\t\t\t\t<div class=\"elementor-element elementor-element-db54952 elementor-widget elementor-widget-text-editor\" data-id=\"db54952\" data-element_type=\"widget\" data-widget_type=\"text-editor.default\">\n\t\t\t\t<div class=\"elementor-widget-container\">\n\t\t\t\t\t\t\t\t\t\t\t\t\t<\/div>\n\t\t\t\t<\/div>\n\t\t\t\t<div class=\"elementor-element elementor-element-332d16f elementor-widget elementor-widget-text-editor\" data-id=\"332d16f\" data-element_type=\"widget\" data-widget_type=\"text-editor.default\">\n\t\t\t\t<div class=\"elementor-widget-container\">\n\t\t\t\t\t\t\t<p>Por apenas 12x de<\/p>\t\t\t\t\t\t<\/div>\n\t\t\t\t<\/div>\n\t\t\t\t<div class=\"elementor-element elementor-element-64f2113 animated-fast elementor-invisible elementor-widget elementor-widget-text-editor\" data-id=\"64f2113\" data-element_type=\"widget\" data-settings=\"{&quot;_animation&quot;:&quot;fadeInDown&quot;}\" data-widget_type=\"text-editor.default\">\n\t\t\t\t<div class=\"elementor-widget-container\">\n\t\t\t\t\t\t\t<p>R$10,03<\/p>\t\t\t\t\t\t<\/div>\n\t\t\t\t<\/div>\n\t\t\t\t<div class=\"elementor-element elementor-element-b7f75bd elementor-widget elementor-widget-text-editor\" data-id=\"b7f75bd\" data-element_type=\"widget\" data-widget_type=\"text-editor.default\">\n\t\t\t\t<div class=\"elementor-widget-container\">\n\t\t\t\t\t\t\t<p>ou R$97 \u00e0 vista<\/p>\t\t\t\t\t\t<\/div>\n\t\t\t\t<\/div>\n\t\t\t\t<div class=\"elementor-element elementor-element-906c307 elementor-widget elementor-widget-text-editor\" data-id=\"906c307\" data-element_type=\"widget\" data-widget_type=\"text-editor.default\">\n\t\t\t\t<div class=\"elementor-widget-container\">\n\t\t\t\t\t\t\t\t\t\t\t\t\t<\/div>\n\t\t\t\t<\/div>\n\t\t\t\t\t<\/div>\n\t\t\t\t<\/div>\n\t\t\t\t<div class=\"elementor-element elementor-element-27a7a79 elementor-align-center elementor-widget elementor-widget-button\" data-id=\"27a7a79\" data-element_type=\"widget\" data-widget_type=\"button.default\">\n\t\t\t\t<div class=\"elementor-widget-container\">\n\t\t\t\t\t<div class=\"elementor-button-wrapper\">\n\t\t\t<a class=\"elementor-button elementor-button-link elementor-size-sm elementor-animation-grow\" href=\"https:\/\/pay.kiwify.com.br\/cqKvcQn\" target=\"_blank\">\n\t\t\t\t\t\t<span class=\"elementor-button-content-wrapper\">\n\t\t\t\t\t\t<span class=\"elementor-button-text\">GARANTIR A OFERTA<\/span>\n\t\t<\/span>\n\t\t\t\t\t<\/a>\n\t\t<\/div>\n\t\t\t\t<\/div>\n\t\t\t\t<\/div>\n\t\t\t\t\t<\/div>\n\t\t\t\t<\/div>\n\t\t\t\t\t<\/div>\n\t\t\t\t<\/div>\n\t\t<div class=\"elementor-element elementor-element-635e617 e-flex e-con-boxed e-con e-parent\" data-id=\"635e617\" data-element_type=\"container\" data-settings=\"{&quot;background_background&quot;:&quot;classic&quot;,&quot;content_width&quot;:&quot;boxed&quot;}\" data-core-v316-plus=\"true\">\n\t\t\t\t\t<div class=\"e-con-inner\">\n\t\t\t\t<div class=\"elementor-element elementor-element-5bb0c2d elementor-widget__width-initial elementor-widget-mobile__width-inherit elementor-widget elementor-widget-heading\" data-id=\"5bb0c2d\" data-element_type=\"widget\" data-widget_type=\"heading.default\">\n\t\t\t\t<div class=\"elementor-widget-container\">\n\t\t\t<h2 class=\"elementor-heading-title elementor-size-default\">Com quem voc\u00ea ir\u00e1 aprender?<\/h2>\t\t<\/div>\n\t\t\t\t<\/div>\n\t\t\t\t<div class=\"elementor-element elementor-element-173bbd9 elementor-widget__width-initial elementor-widget-mobile__width-inherit elementor-widget elementor-widget-text-editor\" data-id=\"173bbd9\" data-element_type=\"widget\" data-widget_type=\"text-editor.default\">\n\t\t\t\t<div class=\"elementor-widget-container\">\n\t\t\t\t\t\t\t<p>Nara Lauers \u00e9 m\u00e3e da Ol\u00edvia e da Cec\u00edlia, esposa,<strong> especialista em Sono Infantil.<\/strong> Formada como Consultora de Sono Infantil pelo Royal Children&#8217;s Hospital de Melbourne, com especializa\u00e7\u00e3o em desmame gradual e parassonias infantis.\u00a0<\/p><p dir=\"auto\" style=\"margin: 12px 0px 0px; caret-color: #172b4d; color: #172b4d; font-family: -apple-system, BlinkMacSystemFont, 'Segoe UI', Roboto, 'Noto Sans', Ubuntu, 'Droid Sans', 'Helvetica Neue', sans-serif; font-size: 14px;\">\u00a0<\/p>\t\t\t\t\t\t<\/div>\n\t\t\t\t<\/div>\n\t\t\t\t\t<\/div>\n\t\t\t\t<\/div>\n\t\t<div class=\"elementor-element elementor-element-a39c146 e-flex e-con-boxed e-con e-parent\" data-id=\"a39c146\" data-element_type=\"container\" data-settings=\"{&quot;background_background&quot;:&quot;classic&quot;,&quot;content_width&quot;:&quot;boxed&quot;}\" data-core-v316-plus=\"true\">\n\t\t\t\t\t<div class=\"e-con-inner\">\n\t\t\t\t<div class=\"elementor-element elementor-element-de6fc7a elementor-widget elementor-widget-text-editor\" data-id=\"de6fc7a\" data-element_type=\"widget\" data-widget_type=\"text-editor.default\">\n\t\t\t\t<div class=\"elementor-widget-container\">\n\t\t\t\t\t\t\t<p><a href=\"https:\/\/omapa.naralauers.com\/\"><strong>O Mapa da Rotina Inteligente.<\/strong><\/a> Copyright 2023 &#8211; Todos os direitos reservados \u00a9<\/p>\t\t\t\t\t\t<\/div>\n\t\t\t\t<\/div>\n\t\t\t\t\t<\/div>\n\t\t\t\t<\/div>\n\t\t\t\t\t\t\t<\/div>\n\t\t","protected":false},"excerpt":{"rendered":"<p>O Mapa da Rotina Inteligente O guia completo que vai te orientar a ajustar a rotina do seu filho de 0 a 5 anos de idade, e desfrutar de uma rotina leve e noites de sono tranquilas! Quero garantir o meu mapa Para quem \u00e9 o Mapa da Rotina Inteligente? \u2192 M\u00e3es que sofrem com [&hellip;]<\/p>\n","protected":false},"author":1,"featured_media":0,"parent":0,"menu_order":0,"comment_status":"closed","ping_status":"closed","template":"elementor_canvas","meta":{"footnotes":""},"_links":{"self":[{"href":"https:\/\/omapa.naralauers.com\/index.php\/wp-json\/wp\/v2\/pages\/12"}],"collection":[{"href":"https:\/\/omapa.naralauers.com\/index.php\/wp-json\/wp\/v2\/pages"}],"about":[{"href":"https:\/\/omapa.naralauers.com\/index.php\/wp-json\/wp\/v2\/types\/page"}],"author":[{"embeddable":true,"href":"https:\/\/omapa.naralauers.com\/index.php\/wp-json\/wp\/v2\/users\/1"}],"replies":[{"embeddable":true,"href":"https:\/\/omapa.naralauers.com\/index.php\/wp-json\/wp\/v2\/comments?post=12"}],"version-history":[{"count":186,"href":"https:\/\/omapa.naralauers.com\/index.php\/wp-json\/wp\/v2\/pages\/12\/revisions"}],"predecessor-version":[{"id":259,"href":"https:\/\/omapa.naralauers.com\/index.php\/wp-json\/wp\/v2\/pages\/12\/revisions\/259"}],"wp:attachment":[{"href":"https:\/\/omapa.naralauers.com\/index.php\/wp-json\/wp\/v2\/media?parent=12"}],"curies":[{"name":"wp","href":"https:\/\/api.w.org\/{rel}","templated":true}]}}